{"id":12,"date":"2022-08-03T11:05:08","date_gmt":"2022-08-03T11:05:08","guid":{"rendered":"https:\/\/cqplusmooc.eu\/?page_id=12"},"modified":"2023-10-13T11:11:59","modified_gmt":"2023-10-13T11:11:59","slug":"home","status":"publish","type":"page","link":"https:\/\/cqplusmooc.eu\/hr\/","title":{"rendered":"Naslovnica"},"content":{"rendered":"<div data-elementor-type=\"wp-page\" data-elementor-id=\"12\" class=\"elementor elementor-12\">\n\t\t\t\t\t\t<section class=\"elementor-section elementor-top-section elementor-element elementor-element-b792547 elementor-section-content-middle elementor-section-full_width elementor-section-height-default elementor-section-height-default\" data-id=\"b792547\" data-element_type=\"section\">\n\t\t\t\t\t\t<div class=\"elementor-container elementor-column-gap-default\">\n\t\t\t\t\t<div class=\"elementor-column elementor-col-100 elementor-top-column elementor-element elementor-element-8f81cb9 elementor-invisible\" data-id=\"8f81cb9\" data-element_type=\"column\" data-settings=\"{&quot;animation&quot;:&quot;fadeInRight&quot;}\">\n\t\t\t<div class=\"elementor-widget-wrap elementor-element-populated\">\n\t\t\t\t\t\t<div class=\"elementor-element elementor-element-c7c1ab2 elementor-widget elementor-widget-spacer\" data-id=\"c7c1ab2\" data-element_type=\"widget\" data-widget_type=\"spacer.default\">\n\t\t\t\t<div class=\"elementor-widget-container\">\n\t\t\t<style>\/*! elementor - v3.21.0 - 30-04-2024 *\/\n.elementor-column .elementor-spacer-inner{height:var(--spacer-size)}.e-con{--container-widget-width:100%}.e-con-inner>.elementor-widget-spacer,.e-con>.elementor-widget-spacer{width:var(--container-widget-width,var(--spacer-size));--align-self:var(--container-widget-align-self,initial);--flex-shrink:0}.e-con-inner>.elementor-widget-spacer>.elementor-widget-container,.e-con>.elementor-widget-spacer>.elementor-widget-container{height:100%;width:100%}.e-con-inner>.elementor-widget-spacer>.elementor-widget-container>.elementor-spacer,.e-con>.elementor-widget-spacer>.elementor-widget-container>.elementor-spacer{height:100%}.e-con-inner>.elementor-widget-spacer>.elementor-widget-container>.elementor-spacer>.elementor-spacer-inner,.e-con>.elementor-widget-spacer>.elementor-widget-container>.elementor-spacer>.elementor-spacer-inner{height:var(--container-widget-height,var(--spacer-size))}.e-con-inner>.elementor-widget-spacer.elementor-widget-empty,.e-con>.elementor-widget-spacer.elementor-widget-empty{position:relative;min-height:22px;min-width:22px}.e-con-inner>.elementor-widget-spacer.elementor-widget-empty .elementor-widget-empty-icon,.e-con>.elementor-widget-spacer.elementor-widget-empty .elementor-widget-empty-icon{position:absolute;top:0;bottom:0;left:0;right:0;margin:auto;padding:0;width:22px;height:22px}<\/style>\t\t<div class=\"elementor-spacer\">\n\t\t\t<div class=\"elementor-spacer-inner\"><\/div>\n\t\t<\/div>\n\t\t\t\t<\/div>\n\t\t\t\t<\/div>\n\t\t\t\t<div class=\"elementor-element elementor-element-7cf024c elementor-widget elementor-widget-text-editor\" data-id=\"7cf024c\" data-element_type=\"widget\" data-widget_type=\"text-editor.default\">\n\t\t\t\t<div class=\"elementor-widget-container\">\n\t\t\t<style>\/*! elementor - v3.21.0 - 30-04-2024 *\/\n.elementor-widget-text-editor.elementor-drop-cap-view-stacked .elementor-drop-cap{background-color:#69727d;color:#fff}.elementor-widget-text-editor.elementor-drop-cap-view-framed .elementor-drop-cap{color:#69727d;border:3px solid;background-color:transparent}.elementor-widget-text-editor:not(.elementor-drop-cap-view-default) .elementor-drop-cap{margin-top:8px}.elementor-widget-text-editor:not(.elementor-drop-cap-view-default) .elementor-drop-cap-letter{width:1em;height:1em}.elementor-widget-text-editor .elementor-drop-cap{float:left;text-align:center;line-height:1;font-size:50px}.elementor-widget-text-editor .elementor-drop-cap-letter{display:inline-block}<\/style>\t\t\t\t<p>Welcome to\u00a0<\/p>\t\t\t\t\t\t<\/div>\n\t\t\t\t<\/div>\n\t\t\t\t<div class=\"elementor-element elementor-element-c25fa4b elementor-widget elementor-widget-heading\" data-id=\"c25fa4b\" data-element_type=\"widget\" data-widget_type=\"heading.default\">\n\t\t\t\t<div class=\"elementor-widget-container\">\n\t\t\t<style>\/*! elementor - v3.21.0 - 30-04-2024 *\/\n.elementor-heading-title{padding:0;margin:0;line-height:1}.elementor-widget-heading .elementor-heading-title[class*=elementor-size-]>a{color:inherit;font-size:inherit;line-height:inherit}.elementor-widget-heading .elementor-heading-title.elementor-size-small{font-size:15px}.elementor-widget-heading .elementor-heading-title.elementor-size-medium{font-size:19px}.elementor-widget-heading .elementor-heading-title.elementor-size-large{font-size:29px}.elementor-widget-heading .elementor-heading-title.elementor-size-xl{font-size:39px}.elementor-widget-heading .elementor-heading-title.elementor-size-xxl{font-size:59px}<\/style><h2 class=\"elementor-heading-title elementor-size-default\">CQ + MOOC<\/h2>\t\t<\/div>\n\t\t\t\t<\/div>\n\t\t\t\t<div class=\"elementor-element elementor-element-c03a4dc elementor-widget elementor-widget-image\" data-id=\"c03a4dc\" data-element_type=\"widget\" data-widget_type=\"image.default\">\n\t\t\t\t<div class=\"elementor-widget-container\">\n\t\t\t<style>\/*! elementor - v3.21.0 - 30-04-2024 *\/\n.elementor-widget-image{text-align:center}.elementor-widget-image a{display:inline-block}.elementor-widget-image a img[src$=\".svg\"]{width:48px}.elementor-widget-image img{vertical-align:middle;display:inline-block}<\/style>\t\t\t\t\t\t\t\t\t\t<img fetchpriority=\"high\" decoding=\"async\" width=\"2560\" height=\"853\" src=\"https:\/\/cqplusmooc.eu\/wp-content\/uploads\/2023\/10\/2102.i605.007.nationality_people_social_diversity-scaled.jpg\" class=\"attachment-full size-full wp-image-2817\" alt=\"\" srcset=\"https:\/\/cqplusmooc.eu\/wp-content\/uploads\/2023\/10\/2102.i605.007.nationality_people_social_diversity-scaled.jpg 2560w, https:\/\/cqplusmooc.eu\/wp-content\/uploads\/2023\/10\/2102.i605.007.nationality_people_social_diversity-300x100.jpg 300w, https:\/\/cqplusmooc.eu\/wp-content\/uploads\/2023\/10\/2102.i605.007.nationality_people_social_diversity-1024x341.jpg 1024w, https:\/\/cqplusmooc.eu\/wp-content\/uploads\/2023\/10\/2102.i605.007.nationality_people_social_diversity-768x256.jpg 768w, https:\/\/cqplusmooc.eu\/wp-content\/uploads\/2023\/10\/2102.i605.007.nationality_people_social_diversity-1536x512.jpg 1536w, https:\/\/cqplusmooc.eu\/wp-content\/uploads\/2023\/10\/2102.i605.007.nationality_people_social_diversity-2048x682.jpg 2048w, https:\/\/cqplusmooc.eu\/wp-content\/uploads\/2023\/10\/2102.i605.007.nationality_people_social_diversity-18x6.jpg 18w, https:\/\/cqplusmooc.eu\/wp-content\/uploads\/2023\/10\/2102.i605.007.nationality_people_social_diversity-1568x523.jpg 1568w\" sizes=\"(max-width: 2560px) 100vw, 2560px\" style=\"width:100%;height:33.32%;max-width:2560px\" \/>\t\t\t\t\t\t\t\t\t\t\t\t\t<\/div>\n\t\t\t\t<\/div>\n\t\t\t\t<section class=\"elementor-section elementor-inner-section elementor-element elementor-element-e98945d elementor-section-boxed elementor-section-height-default elementor-section-height-default\" data-id=\"e98945d\" data-element_type=\"section\">\n\t\t\t\t\t\t<div class=\"elementor-container elementor-column-gap-default\">\n\t\t\t\t\t<div class=\"elementor-column elementor-col-33 elementor-inner-column elementor-element elementor-element-24bf32f\" data-id=\"24bf32f\" data-element_type=\"column\">\n\t\t\t<div class=\"elementor-widget-wrap\">\n\t\t\t\t\t\t\t<\/div>\n\t\t<\/div>\n\t\t\t\t<div class=\"elementor-column elementor-col-33 elementor-inner-column elementor-element elementor-element-c55af1a\" data-id=\"c55af1a\" data-element_type=\"column\">\n\t\t\t<div class=\"elementor-widget-wrap elementor-element-populated\">\n\t\t\t\t\t\t<div class=\"elementor-element elementor-element-dab5c0d elementor-widget elementor-widget-text-editor\" data-id=\"dab5c0d\" data-element_type=\"widget\" data-widget_type=\"text-editor.default\">\n\t\t\t\t<div class=\"elementor-widget-container\">\n\t\t\t\t\t\t\t<p><span style=\"font-weight: 400;\">Otklju\u010dajte svijet bogatstva kultura pomo\u0107u CQ+ resursa za u\u010denje! Zaronite u digitalni \u010darobni svijet obrazovnih materijala kako biste otkrili tajne kulturne svijesti i krenuli na putovanje prema povezanijem i kulturno raznovrsnijem svijetu.<\/span><\/p>\t\t\t\t\t\t<\/div>\n\t\t\t\t<\/div>\n\t\t\t\t\t<\/div>\n\t\t<\/div>\n\t\t\t\t<div class=\"elementor-column elementor-col-33 elementor-inner-column elementor-element elementor-element-6a30174\" data-id=\"6a30174\" data-element_type=\"column\">\n\t\t\t<div class=\"elementor-widget-wrap\">\n\t\t\t\t\t\t\t<\/div>\n\t\t<\/div>\n\t\t\t\t\t<\/div>\n\t\t<\/section>\n\t\t\t\t<div class=\"elementor-element elementor-element-3c12a04 elementor-mobile-align-center elementor-align-center elementor-widget elementor-widget-button\" data-id=\"3c12a04\" data-element_type=\"widget\" data-widget_type=\"button.default\">\n\t\t\t\t<div class=\"elementor-widget-container\">\n\t\t\t\t\t<div class=\"elementor-button-wrapper\">\n\t\t\t<a class=\"elementor-button elementor-button-link elementor-size-sm elementor-animation-float\" href=\"#infographics\">\n\t\t\t\t\t\t<span class=\"elementor-button-content-wrapper\">\n\t\t\t\t\t\t<span class=\"elementor-button-icon elementor-align-icon-right\">\n\t\t\t\t<i aria-hidden=\"true\" class=\"far fa-arrow-alt-circle-right\"><\/i>\t\t\t<\/span>\n\t\t\t\t\t\t\t\t\t<span class=\"elementor-button-text\">Kreni<\/span>\n\t\t\t\t\t<\/span>\n\t\t\t\t\t<\/a>\n\t\t<\/div>\n\t\t\t\t<\/div>\n\t\t\t\t<\/div>\n\t\t\t\t\t<\/div>\n\t\t<\/div>\n\t\t\t\t\t<\/div>\n\t\t<\/section>\n\t\t\t\t<section class=\"elementor-section elementor-top-section elementor-element elementor-element-c469417 elementor-reverse-mobile elementor-section-boxed elementor-section-height-default elementor-section-height-default\" data-id=\"c469417\" data-element_type=\"section\" id=\"infographics\" data-settings=\"{&quot;background_background&quot;:&quot;classic&quot;,&quot;shape_divider_top&quot;:&quot;tilt&quot;,&quot;shape_divider_bottom&quot;:&quot;tilt&quot;}\">\n\t\t\t\t\t<div class=\"elementor-shape elementor-shape-top\" data-negative=\"false\">\n\t\t\t<svg xmlns=\"http:\/\/www.w3.org\/2000\/svg\" viewbox=\"0 0 1000 100\" preserveaspectratio=\"none\">\n\t<path class=\"elementor-shape-fill\" d=\"M0,6V0h1000v100L0,6z\"\/>\n<\/svg>\t\t<\/div>\n\t\t\t\t<div class=\"elementor-shape elementor-shape-bottom\" data-negative=\"false\">\n\t\t\t<svg xmlns=\"http:\/\/www.w3.org\/2000\/svg\" viewbox=\"0 0 1000 100\" preserveaspectratio=\"none\">\n\t<path class=\"elementor-shape-fill\" d=\"M0,6V0h1000v100L0,6z\"\/>\n<\/svg>\t\t<\/div>\n\t\t\t\t\t<div class=\"elementor-container elementor-column-gap-default\">\n\t\t\t\t\t<div class=\"elementor-column elementor-col-50 elementor-top-column elementor-element elementor-element-3d564a5 elementor-invisible\" data-id=\"3d564a5\" data-element_type=\"column\" data-settings=\"{&quot;animation&quot;:&quot;fadeInLeft&quot;}\">\n\t\t\t<div class=\"elementor-widget-wrap elementor-element-populated\">\n\t\t\t\t\t\t<div class=\"elementor-element elementor-element-19cf195 elementor-widget elementor-widget-spacer\" data-id=\"19cf195\" data-element_type=\"widget\" data-widget_type=\"spacer.default\">\n\t\t\t\t<div class=\"elementor-widget-container\">\n\t\t\t\t\t<div class=\"elementor-spacer\">\n\t\t\t<div class=\"elementor-spacer-inner\"><\/div>\n\t\t<\/div>\n\t\t\t\t<\/div>\n\t\t\t\t<\/div>\n\t\t\t\t<div class=\"elementor-element elementor-element-9cc2845 elementor-widget elementor-widget-heading\" data-id=\"9cc2845\" data-element_type=\"widget\" data-widget_type=\"heading.default\">\n\t\t\t\t<div class=\"elementor-widget-container\">\n\t\t\t<h2 class=\"elementor-heading-title elementor-size-default\">Interaktivne Infografike<\/h2>\t\t<\/div>\n\t\t\t\t<\/div>\n\t\t\t\t<div class=\"elementor-element elementor-element-6d96bcf elementor-widget elementor-widget-text-editor\" data-id=\"6d96bcf\" data-element_type=\"widget\" data-widget_type=\"text-editor.default\">\n\t\t\t\t<div class=\"elementor-widget-container\">\n\t\t\t\t\t\t\t<p><span style=\"font-weight: 400;\">Skup alata interaktivnih infografika za pobolj\u0161anje va\u0161eg znanja o kulturnim razlikama i u\u010denje kako djelovati u razli\u010ditim kulturnim okolnostima. Spremni ste zaroniti u ove zanimljive infografike i pro\u0161iriti svoju kulturnu inteligenciju? Pridru\u017eite nam se na ovom prosvjetljuju\u0107em putovanju prema ve\u0107em razumijevanju kultura i suradnji!<\/span><\/p>\t\t\t\t\t\t<\/div>\n\t\t\t\t<\/div>\n\t\t\t\t<div class=\"elementor-element elementor-element-5f318b8 elementor-align-left elementor-mobile-align-center elementor-widget elementor-widget-button\" data-id=\"5f318b8\" data-element_type=\"widget\" data-widget_type=\"button.default\">\n\t\t\t\t<div class=\"elementor-widget-container\">\n\t\t\t\t\t<div class=\"elementor-button-wrapper\">\n\t\t\t<a class=\"elementor-button elementor-button-link elementor-size-sm elementor-animation-float\" href=\"https:\/\/cqplusmooc.eu\/hr\/?page_id=170\">\n\t\t\t\t\t\t<span class=\"elementor-button-content-wrapper\">\n\t\t\t\t\t\t<span class=\"elementor-button-icon elementor-align-icon-right\">\n\t\t\t\t<i aria-hidden=\"true\" class=\"far fa-arrow-alt-circle-right\"><\/i>\t\t\t<\/span>\n\t\t\t\t\t\t\t\t\t<span class=\"elementor-button-text\">Pregledaj resurse<\/span>\n\t\t\t\t\t<\/span>\n\t\t\t\t\t<\/a>\n\t\t<\/div>\n\t\t\t\t<\/div>\n\t\t\t\t<\/div>\n\t\t\t\t<div class=\"elementor-element elementor-element-1ae1262 elementor-widget elementor-widget-spacer\" data-id=\"1ae1262\" data-element_type=\"widget\" data-widget_type=\"spacer.default\">\n\t\t\t\t<div class=\"elementor-widget-container\">\n\t\t\t\t\t<div class=\"elementor-spacer\">\n\t\t\t<div class=\"elementor-spacer-inner\"><\/div>\n\t\t<\/div>\n\t\t\t\t<\/div>\n\t\t\t\t<\/div>\n\t\t\t\t\t<\/div>\n\t\t<\/div>\n\t\t\t\t<div class=\"elementor-column elementor-col-50 elementor-top-column elementor-element elementor-element-c0f7120\" data-id=\"c0f7120\" data-element_type=\"column\">\n\t\t\t<div class=\"elementor-widget-wrap elementor-element-populated\">\n\t\t\t\t\t\t<div class=\"elementor-element elementor-element-84a3c67 elementor-widget__width-initial elementor-widget elementor-widget-image\" data-id=\"84a3c67\" data-element_type=\"widget\" data-widget_type=\"image.default\">\n\t\t\t\t<div class=\"elementor-widget-container\">\n\t\t\t\t\t\t\t\t\t\t\t\t\t<img decoding=\"async\" width=\"612\" height=\"408\" src=\"https:\/\/cqplusmooc.eu\/wp-content\/uploads\/2023\/10\/3142764__1_-removebg-preview.png\" class=\"attachment-full size-full wp-image-2926\" alt=\"\" srcset=\"https:\/\/cqplusmooc.eu\/wp-content\/uploads\/2023\/10\/3142764__1_-removebg-preview.png 612w, https:\/\/cqplusmooc.eu\/wp-content\/uploads\/2023\/10\/3142764__1_-removebg-preview-300x200.png 300w, https:\/\/cqplusmooc.eu\/wp-content\/uploads\/2023\/10\/3142764__1_-removebg-preview-18x12.png 18w\" sizes=\"(max-width: 612px) 100vw, 612px\" style=\"width:100%;height:66.67%;max-width:612px\" \/>\t\t\t\t\t\t\t\t\t\t\t\t\t<\/div>\n\t\t\t\t<\/div>\n\t\t\t\t\t<\/div>\n\t\t<\/div>\n\t\t\t\t\t<\/div>\n\t\t<\/section>\n\t\t\t\t<section class=\"elementor-section elementor-top-section elementor-element elementor-element-349dc46 elementor-section-content-middle elementor-section-boxed elementor-section-height-default elementor-section-height-default\" data-id=\"349dc46\" data-element_type=\"section\" id=\"inservice\">\n\t\t\t\t\t\t<div class=\"elementor-container elementor-column-gap-default\">\n\t\t\t\t\t<div class=\"elementor-column elementor-col-50 elementor-top-column elementor-element elementor-element-8e9a525\" data-id=\"8e9a525\" data-element_type=\"column\">\n\t\t\t<div class=\"elementor-widget-wrap elementor-element-populated\">\n\t\t\t\t\t\t<div class=\"elementor-element elementor-element-91711a2 elementor-widget elementor-widget-image\" data-id=\"91711a2\" data-element_type=\"widget\" data-widget_type=\"image.default\">\n\t\t\t\t<div class=\"elementor-widget-container\">\n\t\t\t\t\t\t\t\t\t\t\t\t\t<img decoding=\"async\" width=\"2000\" height=\"2000\" src=\"https:\/\/cqplusmooc.eu\/wp-content\/uploads\/2023\/10\/CQ_picture-3.jpg\" class=\"attachment-full size-full wp-image-2857\" alt=\"\" srcset=\"https:\/\/cqplusmooc.eu\/wp-content\/uploads\/2023\/10\/CQ_picture-3.jpg 2000w, https:\/\/cqplusmooc.eu\/wp-content\/uploads\/2023\/10\/CQ_picture-3-300x300.jpg 300w, https:\/\/cqplusmooc.eu\/wp-content\/uploads\/2023\/10\/CQ_picture-3-1024x1024.jpg 1024w, https:\/\/cqplusmooc.eu\/wp-content\/uploads\/2023\/10\/CQ_picture-3-150x150.jpg 150w, https:\/\/cqplusmooc.eu\/wp-content\/uploads\/2023\/10\/CQ_picture-3-768x768.jpg 768w, https:\/\/cqplusmooc.eu\/wp-content\/uploads\/2023\/10\/CQ_picture-3-1536x1536.jpg 1536w, https:\/\/cqplusmooc.eu\/wp-content\/uploads\/2023\/10\/CQ_picture-3-12x12.jpg 12w, https:\/\/cqplusmooc.eu\/wp-content\/uploads\/2023\/10\/CQ_picture-3-1568x1568.jpg 1568w\" sizes=\"(max-width: 2000px) 100vw, 2000px\" style=\"width:100%;height:100%;max-width:2000px\" \/>\t\t\t\t\t\t\t\t\t\t\t\t\t<\/div>\n\t\t\t\t<\/div>\n\t\t\t\t\t<\/div>\n\t\t<\/div>\n\t\t\t\t<div class=\"elementor-column elementor-col-50 elementor-top-column elementor-element elementor-element-35dd9a3 elementor-invisible\" data-id=\"35dd9a3\" data-element_type=\"column\" data-settings=\"{&quot;animation&quot;:&quot;fadeInRight&quot;}\">\n\t\t\t<div class=\"elementor-widget-wrap elementor-element-populated\">\n\t\t\t\t\t\t<div class=\"elementor-element elementor-element-737bbb2 elementor-widget elementor-widget-heading\" data-id=\"737bbb2\" data-element_type=\"widget\" data-widget_type=\"heading.default\">\n\t\t\t\t<div class=\"elementor-widget-container\">\n\t\t\t<h2 class=\"elementor-heading-title elementor-size-default\">Program za usavr\u0161avanje nastavnika<\/h2>\t\t<\/div>\n\t\t\t\t<\/div>\n\t\t\t\t<div class=\"elementor-element elementor-element-aaa9421 elementor-widget elementor-widget-text-editor\" data-id=\"aaa9421\" data-element_type=\"widget\" data-widget_type=\"text-editor.default\">\n\t\t\t\t<div class=\"elementor-widget-container\">\n\t\t\t\t\t\t\t<p><span style=\"font-weight: 400;\">Zakora\u010dite u CQ+ Program za usavr\u0161avanje nastavnika, gdje smo osmislili inovativni kurikulum za osna\u017eivanje nastavnika i edukatora. Na\u0161a misija? Opremiti ove nastavnike vje\u0161tinama koje su im potrebne da iskoriste puni potencijal CQ+ alata, ispunjenog interaktivnim infografikama, te ih osna\u017eiti u stvaranju vlastitih digitalnih resursa.<\/span><\/p>\t\t\t\t\t\t<\/div>\n\t\t\t\t<\/div>\n\t\t\t\t<div class=\"elementor-element elementor-element-084a79a elementor-mobile-align-center elementor-widget elementor-widget-button\" data-id=\"084a79a\" data-element_type=\"widget\" data-widget_type=\"button.default\">\n\t\t\t\t<div class=\"elementor-widget-container\">\n\t\t\t\t\t<div class=\"elementor-button-wrapper\">\n\t\t\t<a class=\"elementor-button elementor-button-link elementor-size-sm elementor-animation-float\" href=\"https:\/\/cqplusmooc.eu\/hr\/?page_id=348\">\n\t\t\t\t\t\t<span class=\"elementor-button-content-wrapper\">\n\t\t\t\t\t\t<span class=\"elementor-button-icon elementor-align-icon-right\">\n\t\t\t\t<i aria-hidden=\"true\" class=\"far fa-arrow-alt-circle-right\"><\/i>\t\t\t<\/span>\n\t\t\t\t\t\t\t\t\t<span class=\"elementor-button-text\">Pregledaj resurse<\/span>\n\t\t\t\t\t<\/span>\n\t\t\t\t\t<\/a>\n\t\t<\/div>\n\t\t\t\t<\/div>\n\t\t\t\t<\/div>\n\t\t\t\t\t<\/div>\n\t\t<\/div>\n\t\t\t\t\t<\/div>\n\t\t<\/section>\n\t\t\t\t<section class=\"elementor-section elementor-top-section elementor-element elementor-element-68b0de5 elementor-reverse-mobile elementor-section-boxed elementor-section-height-default elementor-section-height-default\" data-id=\"68b0de5\" data-element_type=\"section\" id=\"community\" data-settings=\"{&quot;background_background&quot;:&quot;classic&quot;,&quot;shape_divider_top&quot;:&quot;tilt&quot;,&quot;shape_divider_bottom&quot;:&quot;tilt&quot;}\">\n\t\t\t\t\t<div class=\"elementor-shape elementor-shape-top\" data-negative=\"false\">\n\t\t\t<svg xmlns=\"http:\/\/www.w3.org\/2000\/svg\" viewbox=\"0 0 1000 100\" preserveaspectratio=\"none\">\n\t<path class=\"elementor-shape-fill\" d=\"M0,6V0h1000v100L0,6z\"\/>\n<\/svg>\t\t<\/div>\n\t\t\t\t<div class=\"elementor-shape elementor-shape-bottom\" data-negative=\"false\">\n\t\t\t<svg xmlns=\"http:\/\/www.w3.org\/2000\/svg\" viewbox=\"0 0 1000 100\" preserveaspectratio=\"none\">\n\t<path class=\"elementor-shape-fill\" d=\"M0,6V0h1000v100L0,6z\"\/>\n<\/svg>\t\t<\/div>\n\t\t\t\t\t<div class=\"elementor-container elementor-column-gap-default\">\n\t\t\t\t\t<div class=\"elementor-column elementor-col-100 elementor-top-column elementor-element elementor-element-d17d490 elementor-invisible\" data-id=\"d17d490\" data-element_type=\"column\" data-settings=\"{&quot;animation&quot;:&quot;fadeInLeft&quot;}\">\n\t\t\t<div class=\"elementor-widget-wrap elementor-element-populated\">\n\t\t\t\t\t\t<div class=\"elementor-element elementor-element-22dc3fd elementor-widget elementor-widget-heading\" data-id=\"22dc3fd\" data-element_type=\"widget\" data-widget_type=\"heading.default\">\n\t\t\t\t<div class=\"elementor-widget-container\">\n\t\t\t<h2 class=\"elementor-heading-title elementor-size-default\">Zajednica prakse <\/h2>\t\t<\/div>\n\t\t\t\t<\/div>\n\t\t\t\t<div class=\"elementor-element elementor-element-cff50de elementor-widget elementor-widget-text-editor\" data-id=\"cff50de\" data-element_type=\"widget\" data-widget_type=\"text-editor.default\">\n\t\t\t\t<div class=\"elementor-widget-container\">\n\t\t\t\t\t\t\t<p><span style=\"font-weight: 400;\">Zajednica prakse pokrenuta je kako bi uklju\u010dili polaznike diljem Europe u zajedni\u010dki proces u\u010denja gdje polaznici mogu u\u010diti jedni od drugih, dijeliti znanja i iskustva te zajedno sura\u0111ivati.<\/span><\/p>\t\t\t\t\t\t<\/div>\n\t\t\t\t<\/div>\n\t\t\t\t<div class=\"elementor-element elementor-element-2723dbb elementor-mobile-align-center elementor-widget elementor-widget-button\" data-id=\"2723dbb\" data-element_type=\"widget\" data-widget_type=\"button.default\">\n\t\t\t\t<div class=\"elementor-widget-container\">\n\t\t\t\t\t<div class=\"elementor-button-wrapper\">\n\t\t\t<a class=\"elementor-button elementor-button-link elementor-size-sm elementor-animation-float\" href=\"https:\/\/cqplusmooc.eu\/hr\/community-of-practice\/\">\n\t\t\t\t\t\t<span class=\"elementor-button-content-wrapper\">\n\t\t\t\t\t\t<span class=\"elementor-button-icon elementor-align-icon-right\">\n\t\t\t\t<i aria-hidden=\"true\" class=\"far fa-arrow-alt-circle-right\"><\/i>\t\t\t<\/span>\n\t\t\t\t\t\t\t\t\t<span class=\"elementor-button-text\">Pogledajte <\/span>\n\t\t\t\t\t<\/span>\n\t\t\t\t\t<\/a>\n\t\t<\/div>\n\t\t\t\t<\/div>\n\t\t\t\t<\/div>\n\t\t\t\t\t<\/div>\n\t\t<\/div>\n\t\t\t\t\t<\/div>\n\t\t<\/section>\n\t\t\t\t<\/div>","protected":false},"excerpt":{"rendered":"<p>Welcome to\u00a0 CQ + MOOC Unlock a world of cultural enrichment with the CQ+ learning resources! Delve into a digital wonderland of educational materials to discover the secrets of cultural awareness and embark on a journey towards a more interconnected and culturally diverse world. Get Started Interactive Infographics A Toolkit of interactive Infographics to boost&hellip; <a class=\"more-link\" href=\"https:\/\/cqplusmooc.eu\/hr\/\">Nastavi \u010ditati <span class=\"screen-reader-text\">Naslovnica<\/span><\/a><\/p>","protected":false},"author":1,"featured_media":0,"parent":0,"menu_order":0,"comment_status":"closed","ping_status":"closed","template":"elementor_header_footer","meta":{"om_disable_all_campaigns":false,"_monsterinsights_skip_tracking":false,"_monsterinsights_sitenote_active":false,"_monsterinsights_sitenote_note":"","_monsterinsights_sitenote_category":0,"footnotes":""},"aioseo_notices":[],"_links":{"self":[{"href":"https:\/\/cqplusmooc.eu\/hr\/wp-json\/wp\/v2\/pages\/12"}],"collection":[{"href":"https:\/\/cqplusmooc.eu\/hr\/wp-json\/wp\/v2\/pages"}],"about":[{"href":"https:\/\/cqplusmooc.eu\/hr\/wp-json\/wp\/v2\/types\/page"}],"author":[{"embeddable":true,"href":"https:\/\/cqplusmooc.eu\/hr\/wp-json\/wp\/v2\/users\/1"}],"replies":[{"embeddable":true,"href":"https:\/\/cqplusmooc.eu\/hr\/wp-json\/wp\/v2\/comments?post=12"}],"version-history":[{"count":322,"href":"https:\/\/cqplusmooc.eu\/hr\/wp-json\/wp\/v2\/pages\/12\/revisions"}],"predecessor-version":[{"id":3052,"href":"https:\/\/cqplusmooc.eu\/hr\/wp-json\/wp\/v2\/pages\/12\/revisions\/3052"}],"wp:attachment":[{"href":"https:\/\/cqplusmooc.eu\/hr\/wp-json\/wp\/v2\/media?parent=12"}],"curies":[{"name":"wp","href":"https:\/\/api.w.org\/{rel}","templated":true}]}}